{"id":5873,"date":"2025-04-29T18:30:40","date_gmt":"2025-04-29T10:30:40","guid":{"rendered":"https:\/\/www.ywconnectors.com\/?post_type=product&#038;p=5873"},"modified":"2025-04-30T12:34:27","modified_gmt":"2025-04-30T04:34:27","slug":"military-connector-manufacturers","status":"publish","type":"product","link":"https:\/\/www.ywconnectors.com\/es\/Connectors\/military-connector-manufacturers\/","title":{"rendered":"M8 8 pines conector circular militar fabricantes OEM exportaci\u00f3n"},"content":{"rendered":"<h4>M8 8 pines conector circular militar fabricantes OEM exportaci\u00f3n<\/h4>\n<p>YW es uno de los principales fabricantes de conectores militares circulares OEM de China.<\/p>\n<p>Usted puede encontrar varios conectores circulares incluyendo M8, M12, M5, M9, M16, M17, M22 y M23 en nuestra f\u00e1brica, que son ampliamente utilizados para la automatizaci\u00f3n industrial, PLC, equipos m\u00e9dicos, telecomunicaciones y campos militares.<\/p>\n<p>Se aceptan pedidos peque\u00f1os, p\u00f3ngase en contacto con nosotros libremente.<\/p>\n<h4>Conectores circulares M8 Lista de tablas<\/h4>\n<table style=\"height: 377px;\" width=\"863\">\n<tbody>\n<tr>\n<td width=\"147\">YW PIEZA NO.<\/td>\n<td width=\"83\">TERMINAL<br \/>\nCHAPADO<\/td>\n<td width=\"51\">N\u00ba de Pos.<\/td>\n<td width=\"44\">C\u00f3digo<\/td>\n<td width=\"81\">Tama\u00f1o de la conducta<\/td>\n<td width=\"55\">Tama\u00f1o de la clavija<\/td>\n<td width=\"59\">Corriente nominal<\/td>\n<td width=\"79\">Tipo vendido<\/td>\n<\/tr>\n<tr>\n<td width=\"147\">YWM8H-4303AFNBG1(S)<\/td>\n<td width=\"83\">Flash de oro<\/td>\n<td width=\"51\">3.00<\/td>\n<td width=\"44\">A<\/td>\n<td width=\"81\">24AWG<\/td>\n<td width=\"55\">1,0 mm<\/td>\n<td width=\"59\">3A<\/td>\n<td width=\"79\">DIP(N)<\/td>\n<\/tr>\n<tr>\n<td width=\"147\">YWM8H-4304AFNBG1(S)<\/td>\n<td width=\"83\">Flash de oro<\/td>\n<td width=\"51\">4.00<\/td>\n<td width=\"44\">A<\/td>\n<td width=\"81\">24AWG<\/td>\n<td width=\"55\">1,0 mm<\/td>\n<td width=\"59\">3A<\/td>\n<td width=\"79\">DIP(N)<\/td>\n<\/tr>\n<tr>\n<td width=\"147\">YWM8H-4305BFNBG1(S)<\/td>\n<td width=\"83\">Flash de oro<\/td>\n<td width=\"51\">5.00<\/td>\n<td width=\"44\">B<\/td>\n<td width=\"81\">24AWG<\/td>\n<td width=\"55\">1,0 mm<\/td>\n<td width=\"59\">3A<\/td>\n<td width=\"79\">DIP(N)<\/td>\n<\/tr>\n<tr>\n<td width=\"147\">YWM8H-4306AFNBG1(S)<\/td>\n<td width=\"83\">Flash de oro<\/td>\n<td width=\"51\">6.00<\/td>\n<td width=\"44\">A<\/td>\n<td width=\"81\">26AWG<\/td>\n<td width=\"55\">0,7 mm<\/td>\n<td width=\"59\">1A<\/td>\n<td width=\"79\">DIP(N)<\/td>\n<\/tr>\n<tr>\n<td width=\"147\"><span style=\"color: #3366ff;\">YWM8H-4308AFNBG1(S)<\/span><\/td>\n<td width=\"83\"><span style=\"color: #3366ff;\">Flash de oro<\/span><\/td>\n<td width=\"51\"><span style=\"color: #3366ff;\">8.00\u00a0<\/span><\/td>\n<td width=\"44\"><span style=\"color: #3366ff;\">A<\/span><\/td>\n<td width=\"81\"><span style=\"color: #3366ff;\">26AWG<\/span><\/td>\n<td width=\"55\"><span style=\"color: #3366ff;\">0,6 mm<\/span><\/td>\n<td width=\"59\"><span style=\"color: #3366ff;\">1A<\/span><\/td>\n<td width=\"79\"><span style=\"color: #3366ff;\">DIP(N)<\/span><\/td>\n<\/tr>\n<\/tbody>\n<\/table>\n<h4>Now Take Action to contact us for Conectores YW-conectores militares manufacturers.<\/h4>","protected":false},"excerpt":{"rendered":"<p data-ninja-font=\"opensans_bold_normal_t3blb\">N\u00famero de pieza: YWM8H-4308AFNBG1(S)<\/p>\n<p data-ninja-font=\"opensans_bold_normal_t3blb\">DIP, M8, 8 pines circular, Hembra, flash de oro, fabricantes de conectores militares<\/p>\n<div class=\"cmp-teaser__description\">\n<table width=\"549\">\n<tbody>\n<tr>\n<td width=\"127\">Corriente nominal<\/td>\n<td width=\"106\">1A<\/td>\n<td width=\"160\">Tama\u00f1o del conductor<\/td>\n<td width=\"155\">26AWG<\/td>\n<\/tr>\n<tr>\n<td width=\"127\">Pitch<\/td>\n<td width=\"106\">0.6<\/td>\n<td width=\"160\">N\u00ba de contactos<\/td>\n<td width=\"155\">8 clavijas<\/td>\n<\/tr>\n<tr>\n<td width=\"127\">G\u00e9nero del conector<\/td>\n<td width=\"106\">Hembra\/Enchufe<\/td>\n<td width=\"160\">Terminaci\u00f3n Estilo de interfaz<\/td>\n<td width=\"155\">DIP<\/td>\n<\/tr>\n<tr>\n<td width=\"127\">Estilo de acoplamiento<\/td>\n<td width=\"106\">Rosca de tornillo<\/td>\n<td width=\"160\">Clasificaci\u00f3n IP<\/td>\n<td width=\"155\">Conector estanco IP67<\/td>\n<\/tr>\n<tr>\n<td width=\"127\">Metalizado de contactos<\/td>\n<td width=\"106\">Flash dorado<\/td>\n<td width=\"160\">Temperatura nominal<\/td>\n<td width=\"155\">-25\u00b0C a 80\u00b0C<\/td>\n<\/tr>\n<\/tbody>\n<\/table>\n<\/div>\n<p>&nbsp;<\/p>","protected":false},"featured_media":5886,"template":"","meta":{"_acf_changed":false},"product_brand":[],"product_cat":[45,50,59,48,49,61,101],"product_tag":[135,134],"class_list":{"0":"post-5873","1":"product","2":"type-product","3":"status-publish","4":"has-post-thumbnail","6":"product_cat-circular-connectors","7":"product_cat-industrial-connectors","8":"product_cat-m8-connectors","9":"product_cat-medical-connectors","10":"product_cat-military-connectors","11":"product_cat-pcb-connectors","12":"product_cat-telecom-connectors","13":"product_tag-military-connector","14":"product_tag-military-connector-manufacturers","16":"first","17":"instock","18":"taxable","19":"shipping-taxable","20":"product-type-simple"},"acf":[],"_links":{"self":[{"href":"https:\/\/www.ywconnectors.com\/es\/wp-json\/wp\/v2\/product\/5873","targetHints":{"allow":["GET"]}}],"collection":[{"href":"https:\/\/www.ywconnectors.com\/es\/wp-json\/wp\/v2\/product"}],"about":[{"href":"https:\/\/www.ywconnectors.com\/es\/wp-json\/wp\/v2\/types\/product"}],"wp:featuredmedia":[{"embeddable":true,"href":"https:\/\/www.ywconnectors.com\/es\/wp-json\/wp\/v2\/media\/5886"}],"wp:attachment":[{"href":"https:\/\/www.ywconnectors.com\/es\/wp-json\/wp\/v2\/media?parent=5873"}],"wp:term":[{"taxonomy":"product_brand","embeddable":true,"href":"https:\/\/www.ywconnectors.com\/es\/wp-json\/wp\/v2\/product_brand?post=5873"},{"taxonomy":"product_cat","embeddable":true,"href":"https:\/\/www.ywconnectors.com\/es\/wp-json\/wp\/v2\/product_cat?post=5873"},{"taxonomy":"product_tag","embeddable":true,"href":"https:\/\/www.ywconnectors.com\/es\/wp-json\/wp\/v2\/product_tag?post=5873"}],"curies":[{"name":"wp","href":"https:\/\/api.w.org\/{rel}","templated":true}]}}