{"id":5898,"date":"2025-04-30T15:41:12","date_gmt":"2025-04-30T07:41:12","guid":{"rendered":"https:\/\/www.ywconnectors.com\/?post_type=product&#038;p=5898"},"modified":"2025-05-01T17:39:44","modified_gmt":"2025-05-01T09:39:44","slug":"4-pin-circular-connector-male","status":"publish","type":"product","link":"https:\/\/www.ywconnectors.com\/es\/Connectors\/4-pin-circular-connector-male\/","title":{"rendered":"4 pines conector circular macho M8 pinout proveedor en China para la automatizaci\u00f3n industrial"},"content":{"rendered":"<h4>4 pines conector circular macho M8 pinout proveedor en China para la automatizaci\u00f3n industrial<\/h4>\n<p>YW es una de las principales OEM conector circular y d sub conectores f\u00e1brica en China y proporcionar m\u00e1s de 30.000 especificaciones del conector.<\/p>\n<p>Usted puede encontrar varios conectores circulares incluyendo M8, M12, M5, M9, M16, M17, M22 y M23 en nuestra f\u00e1brica, as\u00ed como conectores d sub, que son ampliamente utilizados para la automatizaci\u00f3n industrial, PLC, equipos m\u00e9dicos, telecomunicaciones y campos militares.<\/p>\n<p>Se aceptan pedidos peque\u00f1os, p\u00f3ngase en contacto con nosotros libremente.<\/p>\n<h4>Conectores circulares M8 Lista de tablas<\/h4>\n<table style=\"height: 334px;\" width=\"789\">\n<tbody>\n<tr>\n<td width=\"169\">YW PIEZA NO.<\/td>\n<td width=\"87\">TERMINAL<br \/>\nCHAPADO<\/td>\n<td width=\"71\">N\u00ba de Pos.<\/td>\n<td width=\"44\">C\u00f3digo<\/td>\n<td width=\"81\">Tama\u00f1o de la clavija<\/td>\n<td width=\"55\">Corriente nominal<\/td>\n<td width=\"59\">Tipo vendido<\/td>\n<\/tr>\n<tr>\n<td width=\"169\">YWM8F-6303AMDBG1<\/td>\n<td width=\"87\">Flash de oro<\/td>\n<td width=\"71\">3.00<\/td>\n<td width=\"44\">A<\/td>\n<td width=\"81\">1,0 mm<\/td>\n<td width=\"55\">3A<\/td>\n<td width=\"59\">Tipo D<\/td>\n<\/tr>\n<tr>\n<td width=\"169\"><span style=\"color: #3366ff;\">YWM8F-6304AMDBG1<\/span><\/td>\n<td width=\"87\"><span style=\"color: #3366ff;\">Flash de oro<\/span><\/td>\n<td width=\"71\"><span style=\"color: #3366ff;\">4.00\u00a0<\/span><\/td>\n<td width=\"44\"><span style=\"color: #3366ff;\">A<\/span><\/td>\n<td width=\"81\"><span style=\"color: #3366ff;\">1,0 mm<\/span><\/td>\n<td width=\"55\"><span style=\"color: #3366ff;\">3A<\/span><\/td>\n<td width=\"59\"><span style=\"color: #3366ff;\">Tipo D<\/span><\/td>\n<\/tr>\n<tr>\n<td width=\"169\">YWM8F-6305BMDBG1<\/td>\n<td width=\"87\">Flash de oro<\/td>\n<td width=\"71\">5.00<\/td>\n<td width=\"44\">B<\/td>\n<td width=\"81\">1,0 mm<\/td>\n<td width=\"55\">3A<\/td>\n<td width=\"59\">Tipo D<\/td>\n<\/tr>\n<tr>\n<td width=\"169\">YWM8F-6306AMDBG1<\/td>\n<td width=\"87\">Flash de oro<\/td>\n<td width=\"71\">6.00<\/td>\n<td width=\"44\">A<\/td>\n<td width=\"81\">0,7 mm<\/td>\n<td width=\"55\">1A<\/td>\n<td width=\"59\">Tipo D<\/td>\n<\/tr>\n<tr>\n<td width=\"169\">YWM8F-6308AMDBG1<\/td>\n<td width=\"87\">Flash de oro<\/td>\n<td width=\"71\">8.00<\/td>\n<td width=\"44\">A<\/td>\n<td width=\"81\">0,6 mm<\/td>\n<td width=\"55\">1A<\/td>\n<td width=\"59\">Tipo D<\/td>\n<\/tr>\n<\/tbody>\n<\/table>\n<h4>Ahora Tomar medidas para ponerse en contacto con nosotros para YW 4 pines conector circular macho-Su proveedor conector fiable.<\/h4>\n<p>Rellene la siguiente hoja y recibir\u00e1 nuestra respuesta en 30 minutos.<\/p>\n<p>&nbsp;<\/p>","protected":false},"excerpt":{"rendered":"<p data-ninja-font=\"opensans_bold_normal_t3blb\">N\u00famero de pieza: YWM8F-6304AMDBG1<\/p>\n<p data-ninja-font=\"opensans_bold_normal_t3blb\">M8, conector circular de 4 pines macho, flash dorado, tipo DIP<\/p>\n<div class=\"cmp-teaser__description\">\n<table style=\"height: 208px;\" width=\"778\">\n<tbody>\n<tr>\n<td width=\"127\">Corriente nominal<\/td>\n<td width=\"106\">3A<\/td>\n<td width=\"160\">Tama\u00f1o del conductor<\/td>\n<td width=\"155\">24AWG<\/td>\n<\/tr>\n<tr>\n<td width=\"127\">Pitch<\/td>\n<td width=\"106\">1.0<\/td>\n<td width=\"160\">N\u00ba de contactos<\/td>\n<td width=\"155\">4 clavijas<\/td>\n<\/tr>\n<tr>\n<td width=\"127\">G\u00e9nero del conector<\/td>\n<td width=\"106\">Macho\/Enchufe<\/td>\n<td width=\"160\">Terminaci\u00f3n Estilo de interfaz<\/td>\n<td width=\"155\">DIP<\/td>\n<\/tr>\n<tr>\n<td width=\"127\">Durabilidad<\/td>\n<td width=\"106\">m\u00e1s de 1000 veces<\/td>\n<td width=\"160\">Clasificaci\u00f3n IP<\/td>\n<td width=\"155\">Conector estanco IP67<\/td>\n<\/tr>\n<tr>\n<td width=\"127\">Metalizado de contactos<\/td>\n<td width=\"106\">Flash dorado<\/td>\n<td width=\"160\">Temperatura nominal<\/td>\n<td width=\"155\">-25\u00b0C a 80\u00b0C<\/td>\n<\/tr>\n<\/tbody>\n<\/table>\n<\/div>\n<p>&nbsp;<\/p>","protected":false},"featured_media":5899,"template":"","meta":{"_acf_changed":false},"product_brand":[],"product_cat":[45,50,59,48,49,61,101],"product_tag":[146],"class_list":{"0":"post-5898","1":"product","2":"type-product","3":"status-publish","4":"has-post-thumbnail","6":"product_cat-circular-connectors","7":"product_cat-industrial-connectors","8":"product_cat-m8-connectors","9":"product_cat-medical-connectors","10":"product_cat-military-connectors","11":"product_cat-pcb-connectors","12":"product_cat-telecom-connectors","13":"product_tag-4-pin-circular-connector-male","15":"first","16":"instock","17":"taxable","18":"shipping-taxable","19":"product-type-simple"},"acf":[],"_links":{"self":[{"href":"https:\/\/www.ywconnectors.com\/es\/wp-json\/wp\/v2\/product\/5898","targetHints":{"allow":["GET"]}}],"collection":[{"href":"https:\/\/www.ywconnectors.com\/es\/wp-json\/wp\/v2\/product"}],"about":[{"href":"https:\/\/www.ywconnectors.com\/es\/wp-json\/wp\/v2\/types\/product"}],"wp:featuredmedia":[{"embeddable":true,"href":"https:\/\/www.ywconnectors.com\/es\/wp-json\/wp\/v2\/media\/5899"}],"wp:attachment":[{"href":"https:\/\/www.ywconnectors.com\/es\/wp-json\/wp\/v2\/media?parent=5898"}],"wp:term":[{"taxonomy":"product_brand","embeddable":true,"href":"https:\/\/www.ywconnectors.com\/es\/wp-json\/wp\/v2\/product_brand?post=5898"},{"taxonomy":"product_cat","embeddable":true,"href":"https:\/\/www.ywconnectors.com\/es\/wp-json\/wp\/v2\/product_cat?post=5898"},{"taxonomy":"product_tag","embeddable":true,"href":"https:\/\/www.ywconnectors.com\/es\/wp-json\/wp\/v2\/product_tag?post=5898"}],"curies":[{"name":"wp","href":"https:\/\/api.w.org\/{rel}","templated":true}]}}