{"id":5898,"date":"2025-04-30T15:41:12","date_gmt":"2025-04-30T07:41:12","guid":{"rendered":"https:\/\/www.ywconnectors.com\/?post_type=product&#038;p=5898"},"modified":"2025-05-01T17:39:44","modified_gmt":"2025-05-01T09:39:44","slug":"4-pin-circular-connector-male","status":"publish","type":"product","link":"https:\/\/www.ywconnectors.com\/fr\/Connectors\/4-pin-circular-connector-male\/","title":{"rendered":"Connecteur circulaire 4 broches m\u00e2le M8 fournisseur en Chine pour l'automatisation industrielle"},"content":{"rendered":"<h4>Connecteur circulaire 4 broches m\u00e2le M8 fournisseur en Chine pour l'automatisation industrielle<\/h4>\n<p>YW est l'un des principaux fabricants de connecteurs circulaires et de sous-connecteurs OEM en Chine et fournit plus de 30 000 sp\u00e9cifications de connecteurs.<\/p>\n<p>Vous pouvez trouver dans notre usine divers connecteurs circulaires, notamment M8, M12, M5, M9, M16, M17, M22 et M23, ainsi que des sous-connecteurs d, qui sont largement utilis\u00e9s dans l'automatisation industrielle, les PLC, les \u00e9quipements m\u00e9dicaux, les t\u00e9l\u00e9communications et les domaines militaires.<\/p>\n<p>Les petites commandes sont accept\u00e9es, veuillez nous contacter librement.<\/p>\n<h4>Connecteurs circulaires M8 Liste des tableaux<\/h4>\n<table style=\"height: 334px;\" width=\"789\">\n<tbody>\n<tr>\n<td width=\"169\">YW PART NO.<\/td>\n<td width=\"87\">TERMINAL<br \/>\nPLATEAU<\/td>\n<td width=\"71\">NO. de Pos.<\/td>\n<td width=\"44\">Code<\/td>\n<td width=\"81\">Taille de la broche<\/td>\n<td width=\"55\">Courant nominal<\/td>\n<td width=\"59\">Type de vente<\/td>\n<\/tr>\n<tr>\n<td width=\"169\">YWM8F-6303AMDBG1<\/td>\n<td width=\"87\">Flash d'or<\/td>\n<td width=\"71\">3.00<\/td>\n<td width=\"44\">A<\/td>\n<td width=\"81\">1,0 mm<\/td>\n<td width=\"55\">3A<\/td>\n<td width=\"59\">D type<\/td>\n<\/tr>\n<tr>\n<td width=\"169\"><span style=\"color: #3366ff;\">YWM8F-6304AMDBG1<\/span><\/td>\n<td width=\"87\"><span style=\"color: #3366ff;\">Flash d'or<\/span><\/td>\n<td width=\"71\"><span style=\"color: #3366ff;\">4.00\u00a0<\/span><\/td>\n<td width=\"44\"><span style=\"color: #3366ff;\">A<\/span><\/td>\n<td width=\"81\"><span style=\"color: #3366ff;\">1,0 mm<\/span><\/td>\n<td width=\"55\"><span style=\"color: #3366ff;\">3A<\/span><\/td>\n<td width=\"59\"><span style=\"color: #3366ff;\">D type<\/span><\/td>\n<\/tr>\n<tr>\n<td width=\"169\">YWM8F-6305BMDBG1<\/td>\n<td width=\"87\">Flash d'or<\/td>\n<td width=\"71\">5.00<\/td>\n<td width=\"44\">B<\/td>\n<td width=\"81\">1,0 mm<\/td>\n<td width=\"55\">3A<\/td>\n<td width=\"59\">D type<\/td>\n<\/tr>\n<tr>\n<td width=\"169\">YWM8F-6306AMDBG1<\/td>\n<td width=\"87\">Flash d'or<\/td>\n<td width=\"71\">6.00<\/td>\n<td width=\"44\">A<\/td>\n<td width=\"81\">0,7 mm<\/td>\n<td width=\"55\">1A<\/td>\n<td width=\"59\">D type<\/td>\n<\/tr>\n<tr>\n<td width=\"169\">YWM8F-6308AMDBG1<\/td>\n<td width=\"87\">Flash d'or<\/td>\n<td width=\"71\">8.00<\/td>\n<td width=\"44\">A<\/td>\n<td width=\"81\">0,6 mm<\/td>\n<td width=\"55\">1A<\/td>\n<td width=\"59\">D type<\/td>\n<\/tr>\n<\/tbody>\n<\/table>\n<h4>Contactez-nous pour obtenir un connecteur circulaire m\u00e2le YW \u00e0 4 broches - Votre fournisseur fiable de connecteurs.<\/h4>\n<p>Veuillez remplir le formulaire ci-dessous et nous vous r\u00e9pondrons dans les 30 minutes.<\/p>\n<p>&nbsp;<\/p>","protected":false},"excerpt":{"rendered":"<p data-ninja-font=\"opensans_bold_normal_t3blb\">R\u00e9f\u00e9rence Fabricant : YWM8F-6304AMDBG1<\/p>\n<p data-ninja-font=\"opensans_bold_normal_t3blb\">M8, connecteur circulaire \u00e0 4 broches m\u00e2le, flash dor\u00e9, type DIP<\/p>\n<div class=\"cmp-teaser__description\">\n<table style=\"height: 208px;\" width=\"778\">\n<tbody>\n<tr>\n<td width=\"127\">Courant nominal<\/td>\n<td width=\"106\">3A<\/td>\n<td width=\"160\">Taille du conducteur<\/td>\n<td width=\"155\">24AWG<\/td>\n<\/tr>\n<tr>\n<td width=\"127\">Pitch<\/td>\n<td width=\"106\">1.0<\/td>\n<td width=\"160\">Nombre de contacts<\/td>\n<td width=\"155\">4 broches<\/td>\n<\/tr>\n<tr>\n<td width=\"127\">Genre du connecteur<\/td>\n<td width=\"106\">M\u00e2le\/prise<\/td>\n<td width=\"160\">Style d'interface de terminaison<\/td>\n<td width=\"155\">DIP<\/td>\n<\/tr>\n<tr>\n<td width=\"127\">Durabilit\u00e9<\/td>\n<td width=\"106\">plus de 1000 fois<\/td>\n<td width=\"160\">Indice de protection IP<\/td>\n<td width=\"155\">Connecteur \u00e9tanche IP67<\/td>\n<\/tr>\n<tr>\n<td width=\"127\">Placage de contact<\/td>\n<td width=\"106\">Flash d'or<\/td>\n<td width=\"160\">Temp\u00e9rature nominale<\/td>\n<td width=\"155\">De -25\u00b0C \u00e0 80\u00b0C<\/td>\n<\/tr>\n<\/tbody>\n<\/table>\n<\/div>\n<p>&nbsp;<\/p>","protected":false},"featured_media":5899,"template":"","meta":{"_acf_changed":false},"product_brand":[],"product_cat":[45,50,59,48,49,61,101],"product_tag":[146],"class_list":{"0":"post-5898","1":"product","2":"type-product","3":"status-publish","4":"has-post-thumbnail","6":"product_cat-circular-connectors","7":"product_cat-industrial-connectors","8":"product_cat-m8-connectors","9":"product_cat-medical-connectors","10":"product_cat-military-connectors","11":"product_cat-pcb-connectors","12":"product_cat-telecom-connectors","13":"product_tag-4-pin-circular-connector-male","15":"first","16":"instock","17":"taxable","18":"shipping-taxable","19":"product-type-simple"},"acf":[],"_links":{"self":[{"href":"https:\/\/www.ywconnectors.com\/fr\/wp-json\/wp\/v2\/product\/5898","targetHints":{"allow":["GET"]}}],"collection":[{"href":"https:\/\/www.ywconnectors.com\/fr\/wp-json\/wp\/v2\/product"}],"about":[{"href":"https:\/\/www.ywconnectors.com\/fr\/wp-json\/wp\/v2\/types\/product"}],"wp:featuredmedia":[{"embeddable":true,"href":"https:\/\/www.ywconnectors.com\/fr\/wp-json\/wp\/v2\/media\/5899"}],"wp:attachment":[{"href":"https:\/\/www.ywconnectors.com\/fr\/wp-json\/wp\/v2\/media?parent=5898"}],"wp:term":[{"taxonomy":"product_brand","embeddable":true,"href":"https:\/\/www.ywconnectors.com\/fr\/wp-json\/wp\/v2\/product_brand?post=5898"},{"taxonomy":"product_cat","embeddable":true,"href":"https:\/\/www.ywconnectors.com\/fr\/wp-json\/wp\/v2\/product_cat?post=5898"},{"taxonomy":"product_tag","embeddable":true,"href":"https:\/\/www.ywconnectors.com\/fr\/wp-json\/wp\/v2\/product_tag?post=5898"}],"curies":[{"name":"wp","href":"https:\/\/api.w.org\/{rel}","templated":true}]}}